{"id":5720,"date":"2026-02-02T20:36:46","date_gmt":"2026-02-02T20:36:46","guid":{"rendered":"https:\/\/elite-invest.me\/?page_id=5720"},"modified":"2026-02-19T20:18:16","modified_gmt":"2026-02-19T20:18:16","slug":"objekti-u-izgradnji","status":"publish","type":"page","link":"https:\/\/elite-invest.me\/ru\/objekti-u-izgradnji\/","title":{"rendered":"\u0421\u0442\u0440\u043e\u044f\u0449\u0438\u0435\u0441\u044f \u0437\u0434\u0430\u043d\u0438\u044f"},"content":{"rendered":"<div data-elementor-type=\"wp-page\" data-elementor-id=\"5720\" class=\"elementor elementor-5720\">\n\t\t\t\t\t\t<section class=\"elementor-section elementor-top-section elementor-element elementor-element-297ffd33 elementor-section-boxed elementor-section-height-default elementor-section-height-default\" data-id=\"297ffd33\" data-element_type=\"section\" data-e-type=\"section\" data-settings=\"{&quot;background_background&quot;:&quot;classic&quot;}\">\n\t\t\t\t\t\t\t<div class=\"elementor-background-overlay\"><\/div>\n\t\t\t\t\t\t\t<div class=\"elementor-container elementor-column-gap-no\">\n\t\t\t\t\t<div class=\"elementor-column elementor-col-100 elementor-top-column elementor-element elementor-element-2b04a9b1\" data-id=\"2b04a9b1\" data-element_type=\"column\" data-e-type=\"column\">\n\t\t\t<div class=\"elementor-widget-wrap elementor-element-populated\">\n\t\t\t\t\t\t<section class=\"elementor-section elementor-inner-section elementor-element elementor-element-235fc9f5 elementor-section-full_width elementor-section-height-default elementor-section-height-default\" data-id=\"235fc9f5\" data-element_type=\"section\" data-e-type=\"section\">\n\t\t\t\t\t\t<div class=\"elementor-container elementor-column-gap-default\">\n\t\t\t\t\t<div class=\"elementor-column elementor-col-100 elementor-inner-column elementor-element elementor-element-29a728fb\" data-id=\"29a728fb\" data-element_type=\"column\" data-e-type=\"column\">\n\t\t\t<div class=\"elementor-widget-wrap elementor-element-populated\">\n\t\t\t\t<div class=\"elementor-element elementor-element-123aab15 e-grid e-con-boxed e-con e-parent\" data-id=\"123aab15\" data-element_type=\"container\" data-e-type=\"container\">\n\t\t\t\t\t<div class=\"e-con-inner\">\n\t\t\t\t<div class=\"elementor-element elementor-element-552321dc elementor-widget elementor-widget-image\" data-id=\"552321dc\" data-element_type=\"widget\" data-e-type=\"widget\" data-widget_type=\"image.default\">\n\t\t\t\t\t\t\t\t\t\t\t\t\t\t\t\t<a href=\"\/ru\/vila-ljubovic-podgorica\/\">\n\t\t\t\t\t\t\t<img fetchpriority=\"high\" decoding=\"async\" width=\"800\" height=\"450\" src=\"https:\/\/elite-invest.me\/wp-content\/uploads\/2026\/02\/Vila-Ljubovic-01-1024x576.jpg\" class=\"attachment-large size-large wp-image-5554\" alt=\"\" srcset=\"https:\/\/elite-invest.me\/wp-content\/uploads\/2026\/02\/Vila-Ljubovic-01-1024x576.jpg 1024w, https:\/\/elite-invest.me\/wp-content\/uploads\/2026\/02\/Vila-Ljubovic-01-300x169.jpg 300w, https:\/\/elite-invest.me\/wp-content\/uploads\/2026\/02\/Vila-Ljubovic-01-768x432.jpg 768w, https:\/\/elite-invest.me\/wp-content\/uploads\/2026\/02\/Vila-Ljubovic-01-1536x864.jpg 1536w, https:\/\/elite-invest.me\/wp-content\/uploads\/2026\/02\/Vila-Ljubovic-01.jpg 1920w\" sizes=\"(max-width: 800px) 100vw, 800px\" \/>\t\t\t\t\t\t\t\t<\/a>\n\t\t\t\t\t\t\t\t\t\t\t\t\t\t\t<\/div>\n\t\t<div class=\"elementor-element elementor-element-68a6b591 e-con-full e-flex e-con e-child\" data-id=\"68a6b591\" data-element_type=\"container\" data-e-type=\"container\">\n\t\t\t\t<div class=\"elementor-element elementor-element-5e38ca9c elementor-widget elementor-widget-heading\" data-id=\"5e38ca9c\" data-element_type=\"widget\" data-e-type=\"widget\" data-widget_type=\"heading.default\">\n\t\t\t\t\t<h1 class=\"elementor-heading-title elementor-size-default\"><a href=\"\/ru\/vila-ljubovic-podgorica\/\">\u0420\u0435\u0437\u0438\u0434\u0435\u043d\u0446\u0438\u044f \u041b\u044e\u0431\u043e\u0432\u0438\u0447\u0430 (Ljubovi\u0107 Residence)<\/a><\/h1>\t\t\t\t<\/div>\n\t\t\t\t<div class=\"elementor-element elementor-element-1d0f7485 elementor-widget elementor-widget-text-editor\" data-id=\"1d0f7485\" data-element_type=\"widget\" data-e-type=\"widget\" data-widget_type=\"text-editor.default\">\n\t\t\t\t\t\t\t\t\t<p>\u0420\u0430\u0441\u043f\u043e\u043b\u043e\u0436\u0435\u043d \u0432 \u0442\u0438\u0445\u043e\u043c \u0438 \u0443\u0445\u043e\u0436\u0435\u043d\u043d\u043e\u043c \u0440\u0430\u0439\u043e\u043d\u0435 \u043f\u043e\u0441\u0435\u043b\u043a\u0430 \u0417\u0430\u0431\u044c\u0435\u043b\u043e, \u0432\u0434\u0430\u043b\u0438 \u043e\u0442 \u0433\u043e\u0440\u043e\u0434\u0441\u043a\u043e\u0433\u043e \u0448\u0443\u043c\u0430. <strong>\u0420\u0435\u0437\u0438\u0434\u0435\u043d\u0446\u0438\u044f \u041b\u044e\u0431\u043e\u0432\u0438\u0447\u0430 (Ljubovi\u0107 Residence)<\/strong>\u00a0\u042d\u0442\u043e \u0438\u0434\u0435\u0430\u043b\u044c\u043d\u043e\u0435 \u0441\u043e\u0447\u0435\u0442\u0430\u043d\u0438\u0435 \u0431\u0435\u0437\u043e\u043f\u0430\u0441\u043d\u043e\u0441\u0442\u0438, \u043a\u043e\u043c\u0444\u043e\u0440\u0442\u0430 \u0438 \u043f\u0440\u0438\u0432\u0430\u0442\u043d\u043e\u0441\u0442\u0438 \u0432 \u0441\u043e\u0432\u0440\u0435\u043c\u0435\u043d\u043d\u043e\u043c \u0436\u0438\u043b\u043e\u043c \u043f\u043e\u043c\u0435\u0449\u0435\u043d\u0438\u0438.<\/p>\t\t\t\t\t\t\t\t<\/div>\n\t\t<div class=\"elementor-element elementor-element-187d0db e-grid e-con-full e-con e-child\" data-id=\"187d0db\" data-element_type=\"container\" data-e-type=\"container\">\n\t\t\t\t<div class=\"elementor-element elementor-element-357b507 elementor-button-info elementor-widget elementor-widget-button\" data-id=\"357b507\" data-element_type=\"widget\" data-e-type=\"widget\" data-widget_type=\"button.default\">\n\t\t\t\t\t\t\t\t\t\t<a class=\"elementor-button elementor-button-link elementor-size-sm\" href=\"\/ru\/vila-ljubovic-podgorica\/\">\n\t\t\t\t\t\t<span class=\"elementor-button-content-wrapper\">\n\t\t\t\t\t\t\t\t\t<span class=\"elementor-button-text\">\u0411\u043e\u043b\u0435\u0435 \u043f\u043e\u0434\u0440\u043e\u0431\u043d\u0430\u044f \u0438\u043d\u0444\u043e\u0440\u043c\u0430\u0446\u0438\u044f<\/span>\n\t\t\t\t\t<\/span>\n\t\t\t\t\t<\/a>\n\t\t\t\t\t\t\t\t<\/div>\n\t\t\t\t<div class=\"elementor-element elementor-element-929320d elementor-button-info elementor-widget elementor-widget-button\" data-id=\"929320d\" data-element_type=\"widget\" data-e-type=\"widget\" data-widget_type=\"button.default\">\n\t\t\t\t\t\t\t\t\t\t<a class=\"elementor-button elementor-button-link elementor-size-sm\" href=\"https:\/\/elite-invest.me\/wp-content\/uploads\/2026\/02\/Ljubovic-Elite_Katalog-11-02-2026.pdf\" target=\"_blank\">\n\t\t\t\t\t\t<span class=\"elementor-button-content-wrapper\">\n\t\t\t\t\t\t<span class=\"elementor-button-icon\">\n\t\t\t\t<i aria-hidden=\"true\" class=\"ovaicon ovaicon-download-2\"><\/i>\t\t\t<\/span>\n\t\t\t\t\t\t\t\t\t<span class=\"elementor-button-text\">\u0421\u043a\u0430\u0447\u0430\u0442\u044c \u043a\u0430\u0442\u0430\u043b\u043e\u0433<\/span>\n\t\t\t\t\t<\/span>\n\t\t\t\t\t<\/a>\n\t\t\t\t\t\t\t\t<\/div>\n\t\t\t\t<\/div>\n\t\t\t\t<\/div>\n\t\t\t\t\t<\/div>\n\t\t\t\t<\/div>\n\t\t\t\t\t<\/div>\n\t\t<\/div>\n\t\t\t\t\t<\/div>\n\t\t<\/section>\n\t\t\t\t<section class=\"elementor-section elementor-inner-section elementor-element elementor-element-144b4bd1 elementor-section-full_width elementor-section-height-default elementor-section-height-default\" data-id=\"144b4bd1\" data-element_type=\"section\" data-e-type=\"section\">\n\t\t\t\t\t\t<div class=\"elementor-container elementor-column-gap-default\">\n\t\t\t\t\t<div class=\"elementor-column elementor-col-100 elementor-inner-column elementor-element elementor-element-2705a1bd\" data-id=\"2705a1bd\" data-element_type=\"column\" data-e-type=\"column\">\n\t\t\t<div class=\"elementor-widget-wrap elementor-element-populated\">\n\t\t\t\t<div class=\"elementor-element elementor-element-1973f6fb e-grid e-con-boxed e-con e-parent\" data-id=\"1973f6fb\" data-element_type=\"container\" data-e-type=\"container\">\n\t\t\t\t\t<div class=\"e-con-inner\">\n\t\t\t\t<div class=\"elementor-element elementor-element-5d474b5d elementor-widget elementor-widget-image\" data-id=\"5d474b5d\" data-element_type=\"widget\" data-e-type=\"widget\" data-widget_type=\"image.default\">\n\t\t\t\t\t\t\t\t\t\t\t\t\t\t\t\t<a href=\"\/ru\/bar-objekat\/\">\n\t\t\t\t\t\t\t<img decoding=\"async\" width=\"800\" height=\"495\" src=\"https:\/\/elite-invest.me\/wp-content\/uploads\/2026\/02\/bar-objekat-v2-1024x633.png\" class=\"attachment-large size-large wp-image-5648\" alt=\"\" srcset=\"https:\/\/elite-invest.me\/wp-content\/uploads\/2026\/02\/bar-objekat-v2-1024x633.png 1024w, https:\/\/elite-invest.me\/wp-content\/uploads\/2026\/02\/bar-objekat-v2-300x185.png 300w, https:\/\/elite-invest.me\/wp-content\/uploads\/2026\/02\/bar-objekat-v2-768x475.png 768w, https:\/\/elite-invest.me\/wp-content\/uploads\/2026\/02\/bar-objekat-v2-1536x949.png 1536w, https:\/\/elite-invest.me\/wp-content\/uploads\/2026\/02\/bar-objekat-v2.png 1600w\" sizes=\"(max-width: 800px) 100vw, 800px\" \/>\t\t\t\t\t\t\t\t<\/a>\n\t\t\t\t\t\t\t\t\t\t\t\t\t\t\t<\/div>\n\t\t<div class=\"elementor-element elementor-element-4d531259 e-con-full e-flex e-con e-child\" data-id=\"4d531259\" data-element_type=\"container\" data-e-type=\"container\">\n\t\t\t\t<div class=\"elementor-element elementor-element-6c844a2c elementor-widget elementor-widget-heading\" data-id=\"6c844a2c\" data-element_type=\"widget\" data-e-type=\"widget\" data-widget_type=\"heading.default\">\n\t\t\t\t\t<h1 class=\"elementor-heading-title elementor-size-default\"><a href=\"\/ru\/bar-objekat\/\">\u042d\u043b\u0438\u0442\u043d\u044b\u0439 \u0431\u0430\u0440 \u0420\u0435\u0437\u0438\u0434\u0435\u043d\u0446\u0438\u044f (Elite Residence Bar)<\/a><\/h1>\t\t\t\t<\/div>\n\t\t\t\t<div class=\"elementor-element elementor-element-4615f494 elementor-widget elementor-widget-text-editor\" data-id=\"4615f494\" data-element_type=\"widget\" data-e-type=\"widget\" data-widget_type=\"text-editor.default\">\n\t\t\t\t\t\t\t\t\t<p>\u0420\u0430\u0441\u043f\u043e\u043b\u043e\u0436\u0435\u043d \u0432 \u043f\u0440\u0438\u0432\u043b\u0435\u043a\u0430\u0442\u0435\u043b\u044c\u043d\u043e\u043c \u043c\u0435\u0441\u0442\u0435 \u0432 \u0433\u043e\u0440\u043e\u0434\u0435 \u0411\u0430\u0440. <strong>\u042d\u043b\u0438\u0442\u043d\u044b\u0439 \u0431\u0430\u0440 \u0420\u0435\u0437\u0438\u0434\u0435\u043d\u0446\u0438\u044f (Elite Residence Bar)<\/strong>\u00a0\u042d\u0442\u043e \u0441\u043e\u0432\u0440\u0435\u043c\u0435\u043d\u043d\u044b\u0439 \u0436\u0438\u043b\u043e\u0439 \u043f\u0440\u043e\u0435\u043a\u0442, \u043f\u0440\u0438\u0437\u0432\u0430\u043d\u043d\u044b\u0439 \u043e\u0431\u0435\u0441\u043f\u0435\u0447\u0438\u0442\u044c \u043a\u043e\u043c\u0444\u043e\u0440\u0442, \u0444\u0443\u043d\u043a\u0446\u0438\u043e\u043d\u0430\u043b\u044c\u043d\u043e\u0441\u0442\u044c \u0438 \u043a\u0430\u0447\u0435\u0441\u0442\u0432\u0435\u043d\u043d\u044b\u0439 \u043e\u0431\u0440\u0430\u0437 \u0436\u0438\u0437\u043d\u0438 \u0432 \u0441\u0440\u0435\u0434\u0438\u0437\u0435\u043c\u043d\u043e\u043c\u043e\u0440\u0441\u043a\u043e\u043c \u0441\u0442\u0438\u043b\u0435.<\/p>\t\t\t\t\t\t\t\t<\/div>\n\t\t<div class=\"elementor-element elementor-element-c09b0e0 e-grid e-con-full e-con e-child\" data-id=\"c09b0e0\" data-element_type=\"container\" data-e-type=\"container\">\n\t\t\t\t<div class=\"elementor-element elementor-element-504f692 elementor-button-info elementor-widget elementor-widget-button\" data-id=\"504f692\" data-element_type=\"widget\" data-e-type=\"widget\" data-widget_type=\"button.default\">\n\t\t\t\t\t\t\t\t\t\t<a class=\"elementor-button elementor-button-link elementor-size-sm\" href=\"\/ru\/bar-objekat\/\">\n\t\t\t\t\t\t<span class=\"elementor-button-content-wrapper\">\n\t\t\t\t\t\t\t\t\t<span class=\"elementor-button-text\">\u0411\u043e\u043b\u0435\u0435 \u043f\u043e\u0434\u0440\u043e\u0431\u043d\u0430\u044f \u0438\u043d\u0444\u043e\u0440\u043c\u0430\u0446\u0438\u044f<\/span>\n\t\t\t\t\t<\/span>\n\t\t\t\t\t<\/a>\n\t\t\t\t\t\t\t\t<\/div>\n\t\t\t\t<div class=\"elementor-element elementor-element-d088c08 elementor-button-info elementor-widget elementor-widget-button\" data-id=\"d088c08\" data-element_type=\"widget\" data-e-type=\"widget\" data-widget_type=\"button.default\">\n\t\t\t\t\t\t\t\t\t\t<a class=\"elementor-button elementor-button-link elementor-size-sm\" href=\"https:\/\/elite-invest.me\/wp-content\/uploads\/2026\/02\/Bar-Elite_Katalog-06-02-2026.pdf\" target=\"_blank\">\n\t\t\t\t\t\t<span class=\"elementor-button-content-wrapper\">\n\t\t\t\t\t\t<span class=\"elementor-button-icon\">\n\t\t\t\t<i aria-hidden=\"true\" class=\"ovaicon ovaicon-download-2\"><\/i>\t\t\t<\/span>\n\t\t\t\t\t\t\t\t\t<span class=\"elementor-button-text\">\u0421\u043a\u0430\u0447\u0430\u0442\u044c \u043a\u0430\u0442\u0430\u043b\u043e\u0433<\/span>\n\t\t\t\t\t<\/span>\n\t\t\t\t\t<\/a>\n\t\t\t\t\t\t\t\t<\/div>\n\t\t\t\t<\/div>\n\t\t\t\t<\/div>\n\t\t\t\t\t<\/div>\n\t\t\t\t<\/div>\n\t\t\t\t\t<\/div>\n\t\t<\/div>\n\t\t\t\t\t<\/div>\n\t\t<\/section>\n\t\t\t\t\t<\/div>\n\t\t<\/div>\n\t\t\t\t\t<\/div>\n\t\t<\/section>\n\t\t\t\t<\/div>","protected":false},"excerpt":{"rendered":"<p>Ljubovi\u0107 Residence Smje\u0161tena u mirnom i ure\u0111enom dijelu naselja Zabjelo, daleko od gradske buke, Ljubovi\u0107 Residence\u00a0pru\u017ea savr\u0161en spoj sigurnosti, udobnosti i privatnosti u savremenom stambenom okru\u017eenju. Vi\u0161e informacija Skinite katalog Elite Residence Bar Smje\u0161ten na atraktivnoj lokaciji u gradu Baru, Elite Residence Bar\u00a0predstavlja savremeni stambeni projekat osmi\u0161ljen da ponudi udobnost, funkcionalnost i kvalitetan na\u010din \u017eivota [&hellip;]<\/p>","protected":false},"author":1,"featured_media":0,"parent":0,"menu_order":0,"comment_status":"closed","ping_status":"closed","template":"elementor_header_footer","meta":{"footnotes":""},"class_list":["post-5720","page","type-page","status-publish","hentry"],"yoast_head":"<!-- This site is optimized with the Yoast SEO plugin v26.9 - https:\/\/yoast.com\/product\/yoast-seo-wordpress\/ -->\n<title>Objekti u izgradnji - ELITE INVEST DOO<\/title>\n<meta name=\"robots\" content=\"index, follow, max-snippet:-1, max-image-preview:large, max-video-preview:-1\" \/>\n<link rel=\"canonical\" href=\"https:\/\/elite-invest.me\/ru\/objekti-u-izgradnji\/\" \/>\n<meta property=\"og:locale\" content=\"ru_RU\" \/>\n<meta property=\"og:type\" content=\"article\" \/>\n<meta property=\"og:title\" content=\"Objekti u izgradnji - ELITE INVEST DOO\" \/>\n<meta property=\"og:description\" content=\"Ljubovi\u0107 Residence Smje\u0161tena u mirnom i ure\u0111enom dijelu naselja Zabjelo, daleko od gradske buke, Ljubovi\u0107 Residence\u00a0pru\u017ea savr\u0161en spoj sigurnosti, udobnosti i privatnosti u savremenom stambenom okru\u017eenju. Vi\u0161e informacija Skinite katalog Elite Residence Bar Smje\u0161ten na atraktivnoj lokaciji u gradu Baru, Elite Residence Bar\u00a0predstavlja savremeni stambeni projekat osmi\u0161ljen da ponudi udobnost, funkcionalnost i kvalitetan na\u010din \u017eivota [&hellip;]\" \/>\n<meta property=\"og:url\" content=\"https:\/\/elite-invest.me\/ru\/objekti-u-izgradnji\/\" \/>\n<meta property=\"og:site_name\" content=\"ELITE INVEST DOO\" \/>\n<meta property=\"article:modified_time\" content=\"2026-02-19T20:18:16+00:00\" \/>\n<meta property=\"og:image\" content=\"https:\/\/elite-invest.me\/wp-content\/uploads\/2026\/02\/Vila-Ljubovic-01.jpg\" \/>\n\t<meta property=\"og:image:width\" content=\"1920\" \/>\n\t<meta property=\"og:image:height\" content=\"1080\" \/>\n\t<meta property=\"og:image:type\" content=\"image\/jpeg\" \/>\n<meta name=\"twitter:card\" content=\"summary_large_image\" \/>\n<meta name=\"twitter:label1\" content=\"\u041f\u0440\u0438\u043c\u0435\u0440\u043d\u043e\u0435 \u0432\u0440\u0435\u043c\u044f \u0434\u043b\u044f \u0447\u0442\u0435\u043d\u0438\u044f\" \/>\n\t<meta name=\"twitter:data1\" content=\"1 \u043c\u0438\u043d\u0443\u0442\u0430\" \/>\n<script type=\"application\/ld+json\" class=\"yoast-schema-graph\">{\"@context\":\"https:\/\/schema.org\",\"@graph\":[{\"@type\":\"WebPage\",\"@id\":\"https:\/\/elite-invest.me\/objekti-u-izgradnji\/\",\"url\":\"https:\/\/elite-invest.me\/objekti-u-izgradnji\/\",\"name\":\"Objekti u izgradnji - ELITE INVEST DOO\",\"isPartOf\":{\"@id\":\"https:\/\/elite-invest.me\/#website\"},\"primaryImageOfPage\":{\"@id\":\"https:\/\/elite-invest.me\/objekti-u-izgradnji\/#primaryimage\"},\"image\":{\"@id\":\"https:\/\/elite-invest.me\/objekti-u-izgradnji\/#primaryimage\"},\"thumbnailUrl\":\"https:\/\/elite-invest.me\/wp-content\/uploads\/2026\/02\/Vila-Ljubovic-01-1024x576.jpg\",\"datePublished\":\"2026-02-02T20:36:46+00:00\",\"dateModified\":\"2026-02-19T20:18:16+00:00\",\"breadcrumb\":{\"@id\":\"https:\/\/elite-invest.me\/objekti-u-izgradnji\/#breadcrumb\"},\"inLanguage\":\"ru-RU\",\"potentialAction\":[{\"@type\":\"ReadAction\",\"target\":[\"https:\/\/elite-invest.me\/objekti-u-izgradnji\/\"]}]},{\"@type\":\"ImageObject\",\"inLanguage\":\"ru-RU\",\"@id\":\"https:\/\/elite-invest.me\/objekti-u-izgradnji\/#primaryimage\",\"url\":\"https:\/\/elite-invest.me\/wp-content\/uploads\/2026\/02\/Vila-Ljubovic-01-1024x576.jpg\",\"contentUrl\":\"https:\/\/elite-invest.me\/wp-content\/uploads\/2026\/02\/Vila-Ljubovic-01-1024x576.jpg\"},{\"@type\":\"BreadcrumbList\",\"@id\":\"https:\/\/elite-invest.me\/objekti-u-izgradnji\/#breadcrumb\",\"itemListElement\":[{\"@type\":\"ListItem\",\"position\":1,\"name\":\"Home\",\"item\":\"https:\/\/elite-invest.me\/\"},{\"@type\":\"ListItem\",\"position\":2,\"name\":\"Objekti u izgradnji\"}]},{\"@type\":\"WebSite\",\"@id\":\"https:\/\/elite-invest.me\/#website\",\"url\":\"https:\/\/elite-invest.me\/\",\"name\":\"ELITE INVEST DOO\",\"description\":\"\",\"publisher\":{\"@id\":\"https:\/\/elite-invest.me\/#organization\"},\"potentialAction\":[{\"@type\":\"SearchAction\",\"target\":{\"@type\":\"EntryPoint\",\"urlTemplate\":\"https:\/\/elite-invest.me\/?s={search_term_string}\"},\"query-input\":{\"@type\":\"PropertyValueSpecification\",\"valueRequired\":true,\"valueName\":\"search_term_string\"}}],\"inLanguage\":\"ru-RU\"},{\"@type\":\"Organization\",\"@id\":\"https:\/\/elite-invest.me\/#organization\",\"name\":\"ELITE INVEST DOO\",\"url\":\"https:\/\/elite-invest.me\/\",\"logo\":{\"@type\":\"ImageObject\",\"inLanguage\":\"ru-RU\",\"@id\":\"https:\/\/elite-invest.me\/#\/schema\/logo\/image\/\",\"url\":\"https:\/\/elite-invest.me\/wp-content\/uploads\/2022\/12\/logo-colored-v1-1.png\",\"contentUrl\":\"https:\/\/elite-invest.me\/wp-content\/uploads\/2022\/12\/logo-colored-v1-1.png\",\"width\":740,\"height\":440,\"caption\":\"ELITE INVEST DOO\"},\"image\":{\"@id\":\"https:\/\/elite-invest.me\/#\/schema\/logo\/image\/\"},\"sameAs\":[\"https:\/\/www.instagram.com\/elite_invest_doo\"]}]}<\/script>\n<!-- \/ Yoast SEO plugin. -->","yoast_head_json":{"title":"Objekti u izgradnji - ELITE INVEST DOO","robots":{"index":"index","follow":"follow","max-snippet":"max-snippet:-1","max-image-preview":"max-image-preview:large","max-video-preview":"max-video-preview:-1"},"canonical":"https:\/\/elite-invest.me\/ru\/objekti-u-izgradnji\/","og_locale":"ru_RU","og_type":"article","og_title":"Objekti u izgradnji - ELITE INVEST DOO","og_description":"Ljubovi\u0107 Residence Smje\u0161tena u mirnom i ure\u0111enom dijelu naselja Zabjelo, daleko od gradske buke, Ljubovi\u0107 Residence\u00a0pru\u017ea savr\u0161en spoj sigurnosti, udobnosti i privatnosti u savremenom stambenom okru\u017eenju. Vi\u0161e informacija Skinite katalog Elite Residence Bar Smje\u0161ten na atraktivnoj lokaciji u gradu Baru, Elite Residence Bar\u00a0predstavlja savremeni stambeni projekat osmi\u0161ljen da ponudi udobnost, funkcionalnost i kvalitetan na\u010din \u017eivota [&hellip;]","og_url":"https:\/\/elite-invest.me\/ru\/objekti-u-izgradnji\/","og_site_name":"ELITE INVEST DOO","article_modified_time":"2026-02-19T20:18:16+00:00","og_image":[{"width":1920,"height":1080,"url":"https:\/\/elite-invest.me\/wp-content\/uploads\/2026\/02\/Vila-Ljubovic-01.jpg","type":"image\/jpeg"}],"twitter_card":"summary_large_image","twitter_misc":{"\u041f\u0440\u0438\u043c\u0435\u0440\u043d\u043e\u0435 \u0432\u0440\u0435\u043c\u044f \u0434\u043b\u044f \u0447\u0442\u0435\u043d\u0438\u044f":"1 \u043c\u0438\u043d\u0443\u0442\u0430"},"schema":{"@context":"https:\/\/schema.org","@graph":[{"@type":"WebPage","@id":"https:\/\/elite-invest.me\/objekti-u-izgradnji\/","url":"https:\/\/elite-invest.me\/objekti-u-izgradnji\/","name":"Objekti u izgradnji - ELITE INVEST DOO","isPartOf":{"@id":"https:\/\/elite-invest.me\/#website"},"primaryImageOfPage":{"@id":"https:\/\/elite-invest.me\/objekti-u-izgradnji\/#primaryimage"},"image":{"@id":"https:\/\/elite-invest.me\/objekti-u-izgradnji\/#primaryimage"},"thumbnailUrl":"https:\/\/elite-invest.me\/wp-content\/uploads\/2026\/02\/Vila-Ljubovic-01-1024x576.jpg","datePublished":"2026-02-02T20:36:46+00:00","dateModified":"2026-02-19T20:18:16+00:00","breadcrumb":{"@id":"https:\/\/elite-invest.me\/objekti-u-izgradnji\/#breadcrumb"},"inLanguage":"ru-RU","potentialAction":[{"@type":"ReadAction","target":["https:\/\/elite-invest.me\/objekti-u-izgradnji\/"]}]},{"@type":"ImageObject","inLanguage":"ru-RU","@id":"https:\/\/elite-invest.me\/objekti-u-izgradnji\/#primaryimage","url":"https:\/\/elite-invest.me\/wp-content\/uploads\/2026\/02\/Vila-Ljubovic-01-1024x576.jpg","contentUrl":"https:\/\/elite-invest.me\/wp-content\/uploads\/2026\/02\/Vila-Ljubovic-01-1024x576.jpg"},{"@type":"BreadcrumbList","@id":"https:\/\/elite-invest.me\/objekti-u-izgradnji\/#breadcrumb","itemListElement":[{"@type":"ListItem","position":1,"name":"Home","item":"https:\/\/elite-invest.me\/"},{"@type":"ListItem","position":2,"name":"Objekti u izgradnji"}]},{"@type":"WebSite","@id":"https:\/\/elite-invest.me\/#website","url":"https:\/\/elite-invest.me\/","name":"ELITE INVEST DOO","description":"","publisher":{"@id":"https:\/\/elite-invest.me\/#organization"},"potentialAction":[{"@type":"SearchAction","target":{"@type":"EntryPoint","urlTemplate":"https:\/\/elite-invest.me\/?s={search_term_string}"},"query-input":{"@type":"PropertyValueSpecification","valueRequired":true,"valueName":"search_term_string"}}],"inLanguage":"ru-RU"},{"@type":"Organization","@id":"https:\/\/elite-invest.me\/#organization","name":"ELITE INVEST DOO","url":"https:\/\/elite-invest.me\/","logo":{"@type":"ImageObject","inLanguage":"ru-RU","@id":"https:\/\/elite-invest.me\/#\/schema\/logo\/image\/","url":"https:\/\/elite-invest.me\/wp-content\/uploads\/2022\/12\/logo-colored-v1-1.png","contentUrl":"https:\/\/elite-invest.me\/wp-content\/uploads\/2022\/12\/logo-colored-v1-1.png","width":740,"height":440,"caption":"ELITE INVEST DOO"},"image":{"@id":"https:\/\/elite-invest.me\/#\/schema\/logo\/image\/"},"sameAs":["https:\/\/www.instagram.com\/elite_invest_doo"]}]}},"_links":{"self":[{"href":"https:\/\/elite-invest.me\/ru\/wp-json\/wp\/v2\/pages\/5720","targetHints":{"allow":["GET"]}}],"collection":[{"href":"https:\/\/elite-invest.me\/ru\/wp-json\/wp\/v2\/pages"}],"about":[{"href":"https:\/\/elite-invest.me\/ru\/wp-json\/wp\/v2\/types\/page"}],"author":[{"embeddable":true,"href":"https:\/\/elite-invest.me\/ru\/wp-json\/wp\/v2\/users\/1"}],"replies":[{"embeddable":true,"href":"https:\/\/elite-invest.me\/ru\/wp-json\/wp\/v2\/comments?post=5720"}],"version-history":[{"count":49,"href":"https:\/\/elite-invest.me\/ru\/wp-json\/wp\/v2\/pages\/5720\/revisions"}],"predecessor-version":[{"id":6174,"href":"https:\/\/elite-invest.me\/ru\/wp-json\/wp\/v2\/pages\/5720\/revisions\/6174"}],"wp:attachment":[{"href":"https:\/\/elite-invest.me\/ru\/wp-json\/wp\/v2\/media?parent=5720"}],"curies":[{"name":"wp","href":"https:\/\/api.w.org\/{rel}","templated":true}]}}