{"id":19,"date":"2022-12-01T04:10:56","date_gmt":"2022-12-01T04:10:56","guid":{"rendered":"https:\/\/demo.ovatheme.com\/prooty\/?page_id=19"},"modified":"2026-02-04T19:34:22","modified_gmt":"2026-02-04T19:34:22","slug":"o-nama","status":"publish","type":"page","link":"https:\/\/elite-invest.me\/ru\/o-nama\/","title":{"rendered":"\u041e \u043d\u0430\u0441"},"content":{"rendered":"<div data-elementor-type=\"wp-page\" data-elementor-id=\"19\" class=\"elementor elementor-19\">\n\t\t\t\t\t\t<section class=\"elementor-section elementor-top-section elementor-element elementor-element-612521b elementor-section-boxed elementor-section-height-default elementor-section-height-default\" data-id=\"612521b\" data-element_type=\"section\" data-e-type=\"section\" data-settings=\"{&quot;background_background&quot;:&quot;classic&quot;}\">\n\t\t\t\t\t\t<div class=\"elementor-container elementor-column-gap-default\">\n\t\t\t\t\t<div class=\"elementor-column elementor-col-100 elementor-top-column elementor-element elementor-element-02b7542\" data-id=\"02b7542\" data-element_type=\"column\" data-e-type=\"column\">\n\t\t\t<div class=\"elementor-widget-wrap elementor-element-populated\">\n\t\t\t\t\t\t<div class=\"elementor-element elementor-element-faf25f5 elementor-widget elementor-widget-prooty_elementor_heading\" data-id=\"faf25f5\" data-element_type=\"widget\" data-e-type=\"widget\" data-settings=\"{&quot;invert_background_image_color&quot;:&quot;no&quot;}\" data-widget_type=\"prooty_elementor_heading.default\">\n\t\t\t\t<div class=\"elementor-widget-container\">\n\t\t\t\t\t\n\t\t<div class=\"ova-heading\">\n            \n            <div class=\"top-heading\">\n\n            \t\t\t\t\t\t<div class=\"sub-title-wrapper\">\n\t\t\t\t\t\t\t\t\t\t\t\t<h3 class=\"sub-title\">\u041a\u0410\u0427\u0415\u0421\u0422\u0412\u041e \u0411\u0415\u0417 \u041a\u041e\u041c\u041f\u0420\u041e\u041c\u0418\u0421\u041e\u0412<\/h3>\n\t\t\t\t\t<\/div>\n\t\t\t\t\n\t\t\t\t\n\t\t\t\t\t\t\n\t\t\t\t\t\t\t<h2 class=\"title\">ELITE INVEST<\/h2>\n\n\t\t\t\t\t\t\n\t\t\t\t\n            <\/div>\n\n\t\t\t\t\t\t\t<p class=\"description\">\u041d\u0430\u0434\u0435\u0436\u043d\u044b\u0439 \u0432\u044b\u0431\u043e\u0440 \u0434\u043b\u044f \u043a\u043e\u043c\u0444\u043e\u0440\u0442\u043d\u043e\u0433\u043e \u043f\u0440\u043e\u0436\u0438\u0432\u0430\u043d\u0438\u044f \u0432 \u043f\u0440\u0435\u0441\u0442\u0438\u0436\u043d\u044b\u0445 \u0440\u0430\u0439\u043e\u043d\u0430\u0445, \u0440\u0430\u0441\u043f\u043e\u043b\u043e\u0436\u0435\u043d\u043d\u044b\u0445 \u0432 \u0442\u0449\u0430\u0442\u0435\u043b\u044c\u043d\u043e \u043e\u0442\u043e\u0431\u0440\u0430\u043d\u043d\u044b\u0445 \u043c\u0435\u0441\u0442\u0430\u0445.<\/p>\n\t\t\t\n\t\t<\/div>\n\t\t \t\n\t\t\t\t\t\t<\/div>\n\t\t\t\t<\/div>\n\t\t\t\t<section class=\"elementor-section elementor-inner-section elementor-element elementor-element-cdb0009 elementor-section-full_width elementor-section-height-default elementor-section-height-default\" data-id=\"cdb0009\" data-element_type=\"section\" data-e-type=\"section\">\n\t\t\t\t\t\t<div class=\"elementor-container elementor-column-gap-default\">\n\t\t\t\t\t<div class=\"elementor-column elementor-col-100 elementor-inner-column elementor-element elementor-element-5508959\" data-id=\"5508959\" data-element_type=\"column\" data-e-type=\"column\">\n\t\t\t<div class=\"elementor-widget-wrap elementor-element-populated\">\n\t\t\t\t\t\t<div class=\"elementor-element elementor-element-2a13060 elementor-widget elementor-widget-text-editor\" data-id=\"2a13060\" data-element_type=\"widget\" data-e-type=\"widget\" data-widget_type=\"text-editor.default\">\n\t\t\t\t\t\t\t\t\t<p data-start=\"172\" data-end=\"266\"><strong data-start=\"172\" data-end=\"266\">Elite Invest \u2013 \u0440\u0430\u0437\u0443\u043c\u043d\u044b\u0439 \u0432\u044b\u0431\u043e\u0440 \u0434\u043b\u044f \u0441\u043e\u0432\u0440\u0435\u043c\u0435\u043d\u043d\u043e\u0439 \u0438 \u043a\u0430\u0447\u0435\u0441\u0442\u0432\u0435\u043d\u043d\u043e\u0439 \u0436\u0438\u0437\u043d\u0438 \u0432 \u0442\u0449\u0430\u0442\u0435\u043b\u044c\u043d\u043e \u043e\u0442\u043e\u0431\u0440\u0430\u043d\u043d\u044b\u0445 \u0440\u0430\u0439\u043e\u043d\u0430\u0445.<\/strong><\/p><p data-start=\"268\" data-end=\"686\">Elite Invest \u2014 \u043a\u043e\u043c\u043f\u0430\u043d\u0438\u044f, \u0437\u0430\u043d\u0438\u043c\u0430\u044e\u0449\u0430\u044f\u0441\u044f \u0441\u0442\u0440\u043e\u0438\u0442\u0435\u043b\u044c\u0441\u0442\u0432\u043e\u043c \u0441\u043e\u0432\u0440\u0435\u043c\u0435\u043d\u043d\u044b\u0445 \u0436\u0438\u043b\u044b\u0445 \u0437\u0434\u0430\u043d\u0438\u0439, \u0441\u043e\u0447\u0435\u0442\u0430\u044e\u0449\u0438\u0445 \u0432 \u0441\u0435\u0431\u0435 \u0444\u0443\u043d\u043a\u0446\u0438\u043e\u043d\u0430\u043b\u044c\u043d\u043e\u0441\u0442\u044c, \u043a\u043e\u043c\u0444\u043e\u0440\u0442 \u0438 \u043d\u0435\u043f\u043e\u0432\u0442\u043e\u0440\u0438\u043c\u044b\u0439 \u0441\u0442\u0438\u043b\u044c. \u0412 \u0441\u0432\u043e\u0435\u0439 \u0440\u0430\u0431\u043e\u0442\u0435 \u043c\u044b \u043e\u043f\u0438\u0440\u0430\u0435\u043c\u0441\u044f \u043d\u0430 \u0432\u044b\u0441\u043e\u043a\u0438\u0435 \u0441\u0442\u0440\u043e\u0438\u0442\u0435\u043b\u044c\u043d\u044b\u0435 \u0441\u0442\u0430\u043d\u0434\u0430\u0440\u0442\u044b, \u0441\u043e\u0432\u0440\u0435\u043c\u0435\u043d\u043d\u044b\u0435 \u0440\u0435\u0448\u0435\u043d\u0438\u044f \u0438 \u043d\u0435\u0443\u043a\u043e\u0441\u043d\u0438\u0442\u0435\u043b\u044c\u043d\u043e\u0435 \u0441\u043e\u0431\u043b\u044e\u0434\u0435\u043d\u0438\u0435 \u0441\u043e\u0433\u043b\u0430\u0441\u043e\u0432\u0430\u043d\u043d\u044b\u0445 \u0441\u0440\u043e\u043a\u043e\u0432, \u043f\u0440\u043e\u044f\u0432\u043b\u044f\u044f \u0433\u0438\u0431\u043a\u043e\u0441\u0442\u044c \u0438 \u0430\u0434\u0430\u043f\u0442\u0438\u0440\u0443\u044f\u0441\u044c \u043a \u0441\u043e\u0432\u0440\u0435\u043c\u0435\u043d\u043d\u044b\u043c \u0440\u044b\u043d\u043e\u0447\u043d\u044b\u043c \u0443\u0441\u043b\u043e\u0432\u0438\u044f\u043c. \u0421 \u043c\u043e\u043c\u0435\u043d\u0442\u0430 \u043e\u0441\u043d\u043e\u0432\u0430\u043d\u0438\u044f \u043c\u044b \u0443\u0434\u0435\u043b\u044f\u0435\u043c \u043e\u0441\u043e\u0431\u043e\u0435 \u0432\u043d\u0438\u043c\u0430\u043d\u0438\u0435 \u043a\u0430\u0436\u0434\u043e\u0439 \u0434\u0435\u0442\u0430\u043b\u0438, \u043f\u043e\u0441\u043a\u043e\u043b\u044c\u043a\u0443 \u0441\u0447\u0438\u0442\u0430\u0435\u043c, \u0447\u0442\u043e \u043a\u0430\u0447\u0435\u0441\u0442\u0432\u043e \u043d\u0435 \u0438\u043c\u0435\u0435\u0442 \u0430\u043b\u044c\u0442\u0435\u0440\u043d\u0430\u0442\u0438\u0432\u044b.<\/p><p data-start=\"688\" data-end=\"943\">\u041c\u044b \u0441\u043f\u0435\u0446\u0438\u0430\u043b\u0438\u0437\u0438\u0440\u0443\u0435\u043c\u0441\u044f \u043d\u0430 \u0441\u0442\u0440\u043e\u0438\u0442\u0435\u043b\u044c\u0441\u0442\u0432\u0435 \u0441\u043e\u0432\u0440\u0435\u043c\u0435\u043d\u043d\u044b\u0445 \u0438 \u0442\u0449\u0430\u0442\u0435\u043b\u044c\u043d\u043e \u0441\u043f\u0440\u043e\u0435\u043a\u0442\u0438\u0440\u043e\u0432\u0430\u043d\u043d\u044b\u0445 \u0441 \u0430\u0440\u0445\u0438\u0442\u0435\u043a\u0442\u0443\u0440\u043d\u043e\u0439 \u0442\u043e\u0447\u043a\u0438 \u0437\u0440\u0435\u043d\u0438\u044f \u0436\u0438\u043b\u044b\u0445 \u0437\u0434\u0430\u043d\u0438\u0439, \u0438\u0441\u043f\u043e\u043b\u044c\u0437\u0443\u044f \u043f\u0440\u043e\u0432\u0435\u0440\u0435\u043d\u043d\u044b\u0435 \u0438 \u0432\u044b\u0441\u043e\u043a\u043e\u043a\u0430\u0447\u0435\u0441\u0442\u0432\u0435\u043d\u043d\u044b\u0435 \u043c\u0430\u0442\u0435\u0440\u0438\u0430\u043b\u044b \u043e\u0442 \u0438\u0437\u0432\u0435\u0441\u0442\u043d\u044b\u0445 \u043f\u0440\u043e\u0438\u0437\u0432\u043e\u0434\u0438\u0442\u0435\u043b\u0435\u0439. \u041a\u0430\u0436\u0434\u044b\u0439 \u043f\u0440\u043e\u0435\u043a\u0442 Elite Invest \u043e\u0442\u043b\u0438\u0447\u0430\u0435\u0442\u0441\u044f \u0442\u043e\u0447\u043d\u043e\u0441\u0442\u044c\u044e, \u044d\u0441\u0442\u0435\u0442\u0438\u043a\u043e\u0439 \u0438 \u0434\u043e\u043b\u0433\u043e\u0432\u0435\u0447\u043d\u043e\u0441\u0442\u044c\u044e.<\/p><p data-start=\"945\" data-end=\"1269\">\u041c\u044b \u0442\u0449\u0430\u0442\u0435\u043b\u044c\u043d\u043e \u0432\u044b\u0431\u0438\u0440\u0430\u0435\u043c \u043c\u0435\u0441\u0442\u0430 \u0434\u043b\u044f \u043d\u0430\u0448\u0438\u0445 \u043e\u0431\u044a\u0435\u043a\u0442\u043e\u0432, \u0441\u0442\u0440\u0435\u043c\u044f\u0441\u044c \u043a \u0438\u0434\u0435\u0430\u043b\u044c\u043d\u043e\u043c\u0443 \u0431\u0430\u043b\u0430\u043d\u0441\u0443 \u043c\u0435\u0436\u0434\u0443 \u0433\u043e\u0440\u043e\u0434\u0441\u043a\u043e\u0439 \u0436\u0438\u0437\u043d\u044c\u044e \u0438 \u043f\u0440\u0438\u044f\u0442\u043d\u043e\u0439 \u043e\u043a\u0440\u0443\u0436\u0430\u044e\u0449\u0435\u0439 \u0441\u0440\u0435\u0434\u043e\u0439. \u0422\u0430\u043a\u0438\u043c \u043e\u0431\u0440\u0430\u0437\u043e\u043c, \u043c\u044b \u043f\u0440\u0435\u0434\u043e\u0441\u0442\u0430\u0432\u043b\u044f\u0435\u043c \u0431\u0443\u0434\u0443\u0449\u0438\u043c \u0432\u043b\u0430\u0434\u0435\u043b\u044c\u0446\u0430\u043c \u0432\u044b\u0441\u043e\u043a\u043e\u043a\u0430\u0447\u0435\u0441\u0442\u0432\u0435\u043d\u043d\u043e\u0435 \u0436\u0438\u043b\u044c\u0435, \u0430 \u0442\u0430\u043a\u0436\u0435 \u043e\u0449\u0443\u0449\u0435\u043d\u0438\u0435 \u0443\u0435\u0434\u0438\u043d\u0435\u043d\u0438\u044f \u0438 \u0441\u043f\u043e\u043a\u043e\u0439\u0441\u0442\u0432\u0438\u044f. \u041f\u0440\u0438\u043e\u0431\u0440\u0435\u0442\u0430\u044f \u043d\u0435\u0434\u0432\u0438\u0436\u0438\u043c\u043e\u0441\u0442\u044c \u043e\u0442 Elite Invest, \u0432\u044b \u0441\u0442\u0430\u043d\u043e\u0432\u0438\u0442\u0435\u0441\u044c \u0447\u0430\u0441\u0442\u044c\u044e \u0441\u043e\u043e\u0431\u0449\u0435\u0441\u0442\u0432\u0430, \u043a\u043e\u0442\u043e\u0440\u043e\u0435 \u0446\u0435\u043d\u0438\u0442 \u043d\u0430\u0434\u0435\u0436\u043d\u043e\u0441\u0442\u044c, \u043a\u0430\u0447\u0435\u0441\u0442\u0432\u043e \u0438 \u0441\u043e\u0432\u0440\u0435\u043c\u0435\u043d\u043d\u044b\u0439 \u043e\u0431\u0440\u0430\u0437 \u0436\u0438\u0437\u043d\u0438.<\/p><p data-start=\"1271\" data-end=\"1551\">\u041c\u044b \u0443\u0434\u0435\u043b\u044f\u0435\u043c \u043e\u0441\u043e\u0431\u043e\u0435 \u0432\u043d\u0438\u043c\u0430\u043d\u0438\u0435 \u0432\u0441\u0435\u043c\u0443 \u043f\u0440\u043e\u0446\u0435\u0441\u0441\u0443 \u0432\u0437\u0430\u0438\u043c\u043e\u0434\u0435\u0439\u0441\u0442\u0432\u0438\u044f \u0441 \u043a\u043b\u0438\u0435\u043d\u0442\u043e\u043c \u2013 \u043e\u0442 \u0432\u044b\u0431\u043e\u0440\u0430 \u043f\u043b\u043e\u0449\u0430\u0434\u043a\u0438 \u0438 \u043e\u0440\u0433\u0430\u043d\u0438\u0437\u0430\u0446\u0438\u0438 \u043f\u0440\u043e\u0435\u043a\u0442\u0438\u0440\u043e\u0432\u0430\u043d\u0438\u044f \u0438 \u0441\u0442\u0440\u043e\u0438\u0442\u0435\u043b\u044c\u0441\u0442\u0432\u0430 \u0434\u043e \u043e\u043a\u043e\u043d\u0447\u0430\u0442\u0435\u043b\u044c\u043d\u043e\u0439 \u0440\u0435\u0430\u043b\u0438\u0437\u0430\u0446\u0438\u0438 \u043e\u0431\u044a\u0435\u043a\u0442\u043e\u0432. \u0422\u0449\u0430\u0442\u0435\u043b\u044c\u043d\u043e\u0435 \u043f\u043b\u0430\u043d\u0438\u0440\u043e\u0432\u0430\u043d\u0438\u0435, \u043a\u0430\u0447\u0435\u0441\u0442\u0432\u0435\u043d\u043d\u043e\u0435 \u0438\u0441\u043f\u043e\u043b\u043d\u0435\u043d\u0438\u0435 \u0438 \u0438\u0441\u043f\u043e\u043b\u044c\u0437\u043e\u0432\u0430\u043d\u0438\u0435 \u0441\u043e\u0432\u0440\u0435\u043c\u0435\u043d\u043d\u044b\u0445 \u043c\u0430\u0442\u0435\u0440\u0438\u0430\u043b\u043e\u0432 \u0433\u0430\u0440\u0430\u043d\u0442\u0438\u0440\u0443\u044e\u0442 \u0434\u043e\u043b\u0433\u043e\u0432\u0435\u0447\u043d\u043e\u0441\u0442\u044c \u0438 \u0446\u0435\u043d\u043d\u043e\u0441\u0442\u044c \u043a\u0430\u0436\u0434\u043e\u0433\u043e \u043f\u043e\u0441\u0442\u0440\u043e\u0435\u043d\u043d\u043e\u0433\u043e \u043d\u0430\u043c\u0438 \u043e\u0431\u044a\u0435\u043a\u0442\u0430.<\/p><p data-start=\"1553\" data-end=\"1801\">\u0412 Elite Invest \u043c\u044b \u0441\u0447\u0438\u0442\u0430\u0435\u043c, \u0447\u0442\u043e \u0434\u043e\u043c \u0434\u043e\u043b\u0436\u0435\u043d \u0431\u044b\u0442\u044c \u043d\u0435 \u043f\u0440\u043e\u0441\u0442\u043e \u043c\u0435\u0441\u0442\u043e\u043c, \u0430 \u043f\u0440\u043e\u0441\u0442\u0440\u0430\u043d\u0441\u0442\u0432\u043e\u043c, \u043e\u0431\u0435\u0441\u043f\u0435\u0447\u0438\u0432\u0430\u044e\u0449\u0438\u043c \u0431\u0435\u0437\u043e\u043f\u0430\u0441\u043d\u043e\u0441\u0442\u044c, \u043a\u043e\u043c\u0444\u043e\u0440\u0442 \u0438 \u043f\u043e\u0432\u0441\u0435\u0434\u043d\u0435\u0432\u043d\u043e\u0435 \u0443\u0434\u043e\u0432\u043e\u043b\u044c\u0441\u0442\u0432\u0438\u0435. \u041d\u0430\u0448\u0438 \u0436\u0438\u043b\u044b\u0435 \u043e\u0431\u044a\u0435\u043a\u0442\u044b \u0441\u043f\u0440\u043e\u0435\u043a\u0442\u0438\u0440\u043e\u0432\u0430\u043d\u044b \u0441 \u0443\u0447\u0435\u0442\u043e\u043c \u0441\u043e\u0432\u0440\u0435\u043c\u0435\u043d\u043d\u044b\u0445 \u043f\u043e\u0442\u0440\u0435\u0431\u043d\u043e\u0441\u0442\u0435\u0439 \u0438 \u043e\u0442\u0440\u0430\u0436\u0430\u044e\u0442 \u0441\u0442\u0438\u043b\u044c \u0438 \u0438\u043d\u0434\u0438\u0432\u0438\u0434\u0443\u0430\u043b\u044c\u043d\u043e\u0441\u0442\u044c \u0438\u0445 \u0432\u043b\u0430\u0434\u0435\u043b\u044c\u0446\u0435\u0432.<\/p><p data-start=\"1553\" data-end=\"1801\">\u0421\u0432\u044f\u0436\u0438\u0442\u0435\u0441\u044c \u0441 \u043d\u0430\u043c\u0438 \u0438 \u043e\u0442\u043a\u0440\u043e\u0439\u0442\u0435 \u0434\u043b\u044f \u0441\u0435\u0431\u044f \u0440\u0435\u0448\u0435\u043d\u0438\u044f \u0434\u043b\u044f \u0436\u0438\u043b\u044b\u0445 \u043f\u043e\u043c\u0435\u0449\u0435\u043d\u0438\u0439, \u0441\u043e\u0447\u0435\u0442\u0430\u044e\u0449\u0438\u0435 \u0432 \u0441\u0435\u0431\u0435 \u043a\u0430\u0447\u0435\u0441\u0442\u0432\u043e, \u044d\u0441\u0442\u0435\u0442\u0438\u043a\u0443 \u0438 \u0434\u043e\u043b\u0433\u043e\u0441\u0440\u043e\u0447\u043d\u0443\u044e \u0446\u0435\u043d\u043d\u043e\u0441\u0442\u044c.<\/p>\t\t\t\t\t\t\t\t<\/div>\n\t\t\t\t\t<\/div>\n\t\t<\/div>\n\t\t\t\t\t<\/div>\n\t\t<\/section>\n\t\t\t\t\t<\/div>\n\t\t<\/div>\n\t\t\t\t\t<\/div>\n\t\t<\/section>\n\t\t\t\t<\/div>","protected":false},"excerpt":{"rendered":"<p>KVALITET BEZ KOMPROMISA ELITE INVEST Siguran izbor za vrhunsko stanovanje na pa\u017eljivo odabranim lokacijama. Elite Invest \u2013 pametan izbor za moderan i kvalitetan \u017eivot na pa\u017eljivo biranim lokacijama. Elite Invest je kompanija posve\u0107ena razvoju savremenih stambenih objekata koji objedinjuju funkcionalnost, udobnost i prepoznatljiv stil. Na\u0161 rad zasnivamo na visokim standardima gradnje, savremenim rje\u0161enjima i dosljednom [&hellip;]<\/p>","protected":false},"author":1,"featured_media":0,"parent":0,"menu_order":0,"comment_status":"closed","ping_status":"closed","template":"elementor_header_footer","meta":{"footnotes":""},"class_list":["post-19","page","type-page","status-publish","hentry"],"yoast_head":"<!-- This site is optimized with the Yoast SEO plugin v26.9 - https:\/\/yoast.com\/product\/yoast-seo-wordpress\/ -->\n<title>O Nama - ELITE INVEST DOO<\/title>\n<meta name=\"robots\" content=\"index, follow, max-snippet:-1, max-image-preview:large, max-video-preview:-1\" \/>\n<link rel=\"canonical\" href=\"https:\/\/elite-invest.me\/ru\/o-nama\/\" \/>\n<meta property=\"og:locale\" content=\"ru_RU\" \/>\n<meta property=\"og:type\" content=\"article\" \/>\n<meta property=\"og:title\" content=\"O Nama - ELITE INVEST DOO\" \/>\n<meta property=\"og:description\" content=\"KVALITET BEZ KOMPROMISA ELITE INVEST Siguran izbor za vrhunsko stanovanje na pa\u017eljivo odabranim lokacijama. Elite Invest \u2013 pametan izbor za moderan i kvalitetan \u017eivot na pa\u017eljivo biranim lokacijama. Elite Invest je kompanija posve\u0107ena razvoju savremenih stambenih objekata koji objedinjuju funkcionalnost, udobnost i prepoznatljiv stil. Na\u0161 rad zasnivamo na visokim standardima gradnje, savremenim rje\u0161enjima i dosljednom [&hellip;]\" \/>\n<meta property=\"og:url\" content=\"https:\/\/elite-invest.me\/ru\/o-nama\/\" \/>\n<meta property=\"og:site_name\" content=\"ELITE INVEST DOO\" \/>\n<meta property=\"article:modified_time\" content=\"2026-02-04T19:34:22+00:00\" \/>\n<meta name=\"twitter:card\" content=\"summary_large_image\" \/>\n<meta name=\"twitter:label1\" content=\"\u041f\u0440\u0438\u043c\u0435\u0440\u043d\u043e\u0435 \u0432\u0440\u0435\u043c\u044f \u0434\u043b\u044f \u0447\u0442\u0435\u043d\u0438\u044f\" \/>\n\t<meta name=\"twitter:data1\" content=\"1 \u043c\u0438\u043d\u0443\u0442\u0430\" \/>\n<script type=\"application\/ld+json\" class=\"yoast-schema-graph\">{\"@context\":\"https:\/\/schema.org\",\"@graph\":[{\"@type\":\"WebPage\",\"@id\":\"https:\/\/elite-invest.me\/o-nama\/\",\"url\":\"https:\/\/elite-invest.me\/o-nama\/\",\"name\":\"O Nama - ELITE INVEST DOO\",\"isPartOf\":{\"@id\":\"https:\/\/elite-invest.me\/#website\"},\"datePublished\":\"2022-12-01T04:10:56+00:00\",\"dateModified\":\"2026-02-04T19:34:22+00:00\",\"breadcrumb\":{\"@id\":\"https:\/\/elite-invest.me\/o-nama\/#breadcrumb\"},\"inLanguage\":\"ru-RU\",\"potentialAction\":[{\"@type\":\"ReadAction\",\"target\":[\"https:\/\/elite-invest.me\/o-nama\/\"]}]},{\"@type\":\"BreadcrumbList\",\"@id\":\"https:\/\/elite-invest.me\/o-nama\/#breadcrumb\",\"itemListElement\":[{\"@type\":\"ListItem\",\"position\":1,\"name\":\"Home\",\"item\":\"https:\/\/elite-invest.me\/\"},{\"@type\":\"ListItem\",\"position\":2,\"name\":\"O Nama\"}]},{\"@type\":\"WebSite\",\"@id\":\"https:\/\/elite-invest.me\/#website\",\"url\":\"https:\/\/elite-invest.me\/\",\"name\":\"ELITE INVEST DOO\",\"description\":\"\",\"publisher\":{\"@id\":\"https:\/\/elite-invest.me\/#organization\"},\"potentialAction\":[{\"@type\":\"SearchAction\",\"target\":{\"@type\":\"EntryPoint\",\"urlTemplate\":\"https:\/\/elite-invest.me\/?s={search_term_string}\"},\"query-input\":{\"@type\":\"PropertyValueSpecification\",\"valueRequired\":true,\"valueName\":\"search_term_string\"}}],\"inLanguage\":\"ru-RU\"},{\"@type\":\"Organization\",\"@id\":\"https:\/\/elite-invest.me\/#organization\",\"name\":\"ELITE INVEST DOO\",\"url\":\"https:\/\/elite-invest.me\/\",\"logo\":{\"@type\":\"ImageObject\",\"inLanguage\":\"ru-RU\",\"@id\":\"https:\/\/elite-invest.me\/#\/schema\/logo\/image\/\",\"url\":\"https:\/\/elite-invest.me\/wp-content\/uploads\/2022\/12\/logo-colored-v1-1.png\",\"contentUrl\":\"https:\/\/elite-invest.me\/wp-content\/uploads\/2022\/12\/logo-colored-v1-1.png\",\"width\":740,\"height\":440,\"caption\":\"ELITE INVEST DOO\"},\"image\":{\"@id\":\"https:\/\/elite-invest.me\/#\/schema\/logo\/image\/\"},\"sameAs\":[\"https:\/\/www.instagram.com\/elite_invest_doo\"]}]}<\/script>\n<!-- \/ Yoast SEO plugin. -->","yoast_head_json":{"title":"O Nama - ELITE INVEST DOO","robots":{"index":"index","follow":"follow","max-snippet":"max-snippet:-1","max-image-preview":"max-image-preview:large","max-video-preview":"max-video-preview:-1"},"canonical":"https:\/\/elite-invest.me\/ru\/o-nama\/","og_locale":"ru_RU","og_type":"article","og_title":"O Nama - ELITE INVEST DOO","og_description":"KVALITET BEZ KOMPROMISA ELITE INVEST Siguran izbor za vrhunsko stanovanje na pa\u017eljivo odabranim lokacijama. Elite Invest \u2013 pametan izbor za moderan i kvalitetan \u017eivot na pa\u017eljivo biranim lokacijama. Elite Invest je kompanija posve\u0107ena razvoju savremenih stambenih objekata koji objedinjuju funkcionalnost, udobnost i prepoznatljiv stil. Na\u0161 rad zasnivamo na visokim standardima gradnje, savremenim rje\u0161enjima i dosljednom [&hellip;]","og_url":"https:\/\/elite-invest.me\/ru\/o-nama\/","og_site_name":"ELITE INVEST DOO","article_modified_time":"2026-02-04T19:34:22+00:00","twitter_card":"summary_large_image","twitter_misc":{"\u041f\u0440\u0438\u043c\u0435\u0440\u043d\u043e\u0435 \u0432\u0440\u0435\u043c\u044f \u0434\u043b\u044f \u0447\u0442\u0435\u043d\u0438\u044f":"1 \u043c\u0438\u043d\u0443\u0442\u0430"},"schema":{"@context":"https:\/\/schema.org","@graph":[{"@type":"WebPage","@id":"https:\/\/elite-invest.me\/o-nama\/","url":"https:\/\/elite-invest.me\/o-nama\/","name":"O Nama - ELITE INVEST DOO","isPartOf":{"@id":"https:\/\/elite-invest.me\/#website"},"datePublished":"2022-12-01T04:10:56+00:00","dateModified":"2026-02-04T19:34:22+00:00","breadcrumb":{"@id":"https:\/\/elite-invest.me\/o-nama\/#breadcrumb"},"inLanguage":"ru-RU","potentialAction":[{"@type":"ReadAction","target":["https:\/\/elite-invest.me\/o-nama\/"]}]},{"@type":"BreadcrumbList","@id":"https:\/\/elite-invest.me\/o-nama\/#breadcrumb","itemListElement":[{"@type":"ListItem","position":1,"name":"Home","item":"https:\/\/elite-invest.me\/"},{"@type":"ListItem","position":2,"name":"O Nama"}]},{"@type":"WebSite","@id":"https:\/\/elite-invest.me\/#website","url":"https:\/\/elite-invest.me\/","name":"ELITE INVEST DOO","description":"","publisher":{"@id":"https:\/\/elite-invest.me\/#organization"},"potentialAction":[{"@type":"SearchAction","target":{"@type":"EntryPoint","urlTemplate":"https:\/\/elite-invest.me\/?s={search_term_string}"},"query-input":{"@type":"PropertyValueSpecification","valueRequired":true,"valueName":"search_term_string"}}],"inLanguage":"ru-RU"},{"@type":"Organization","@id":"https:\/\/elite-invest.me\/#organization","name":"ELITE INVEST DOO","url":"https:\/\/elite-invest.me\/","logo":{"@type":"ImageObject","inLanguage":"ru-RU","@id":"https:\/\/elite-invest.me\/#\/schema\/logo\/image\/","url":"https:\/\/elite-invest.me\/wp-content\/uploads\/2022\/12\/logo-colored-v1-1.png","contentUrl":"https:\/\/elite-invest.me\/wp-content\/uploads\/2022\/12\/logo-colored-v1-1.png","width":740,"height":440,"caption":"ELITE INVEST DOO"},"image":{"@id":"https:\/\/elite-invest.me\/#\/schema\/logo\/image\/"},"sameAs":["https:\/\/www.instagram.com\/elite_invest_doo"]}]}},"_links":{"self":[{"href":"https:\/\/elite-invest.me\/ru\/wp-json\/wp\/v2\/pages\/19","targetHints":{"allow":["GET"]}}],"collection":[{"href":"https:\/\/elite-invest.me\/ru\/wp-json\/wp\/v2\/pages"}],"about":[{"href":"https:\/\/elite-invest.me\/ru\/wp-json\/wp\/v2\/types\/page"}],"author":[{"embeddable":true,"href":"https:\/\/elite-invest.me\/ru\/wp-json\/wp\/v2\/users\/1"}],"replies":[{"embeddable":true,"href":"https:\/\/elite-invest.me\/ru\/wp-json\/wp\/v2\/comments?post=19"}],"version-history":[{"count":33,"href":"https:\/\/elite-invest.me\/ru\/wp-json\/wp\/v2\/pages\/19\/revisions"}],"predecessor-version":[{"id":6038,"href":"https:\/\/elite-invest.me\/ru\/wp-json\/wp\/v2\/pages\/19\/revisions\/6038"}],"wp:attachment":[{"href":"https:\/\/elite-invest.me\/ru\/wp-json\/wp\/v2\/media?parent=19"}],"curies":[{"name":"wp","href":"https:\/\/api.w.org\/{rel}","templated":true}]}}