{"id":19,"date":"2022-12-01T04:10:56","date_gmt":"2022-12-01T04:10:56","guid":{"rendered":"https:\/\/demo.ovatheme.com\/prooty\/?page_id=19"},"modified":"2026-02-04T19:34:22","modified_gmt":"2026-02-04T19:34:22","slug":"o-nama","status":"publish","type":"page","link":"https:\/\/elite-invest.me\/en\/o-nama\/","title":{"rendered":"About Us"},"content":{"rendered":"<div data-elementor-type=\"wp-page\" data-elementor-id=\"19\" class=\"elementor elementor-19\">\n\t\t\t\t\t\t<section class=\"elementor-section elementor-top-section elementor-element elementor-element-612521b elementor-section-boxed elementor-section-height-default elementor-section-height-default\" data-id=\"612521b\" data-element_type=\"section\" data-e-type=\"section\" data-settings=\"{&quot;background_background&quot;:&quot;classic&quot;}\">\n\t\t\t\t\t\t<div class=\"elementor-container elementor-column-gap-default\">\n\t\t\t\t\t<div class=\"elementor-column elementor-col-100 elementor-top-column elementor-element elementor-element-02b7542\" data-id=\"02b7542\" data-element_type=\"column\" data-e-type=\"column\">\n\t\t\t<div class=\"elementor-widget-wrap elementor-element-populated\">\n\t\t\t\t\t\t<div class=\"elementor-element elementor-element-faf25f5 elementor-widget elementor-widget-prooty_elementor_heading\" data-id=\"faf25f5\" data-element_type=\"widget\" data-e-type=\"widget\" data-settings=\"{&quot;invert_background_image_color&quot;:&quot;no&quot;}\" data-widget_type=\"prooty_elementor_heading.default\">\n\t\t\t\t<div class=\"elementor-widget-container\">\n\t\t\t\t\t\n\t\t<div class=\"ova-heading\">\n            \n            <div class=\"top-heading\">\n\n            \t\t\t\t\t\t<div class=\"sub-title-wrapper\">\n\t\t\t\t\t\t\t\t\t\t\t\t<h3 class=\"sub-title\">QUALITY WITHOUT COMPROMISE<\/h3>\n\t\t\t\t\t<\/div>\n\t\t\t\t\n\t\t\t\t\n\t\t\t\t\t\t\n\t\t\t\t\t\t\t<h2 class=\"title\">ELITE INVEST<\/h2>\n\n\t\t\t\t\t\t\n\t\t\t\t\n            <\/div>\n\n\t\t\t\t\t\t\t<p class=\"description\">A safe choice for premium housing in carefully selected locations.<\/p>\n\t\t\t\n\t\t<\/div>\n\t\t \t\n\t\t\t\t\t\t<\/div>\n\t\t\t\t<\/div>\n\t\t\t\t<section class=\"elementor-section elementor-inner-section elementor-element elementor-element-cdb0009 elementor-section-full_width elementor-section-height-default elementor-section-height-default\" data-id=\"cdb0009\" data-element_type=\"section\" data-e-type=\"section\">\n\t\t\t\t\t\t<div class=\"elementor-container elementor-column-gap-default\">\n\t\t\t\t\t<div class=\"elementor-column elementor-col-100 elementor-inner-column elementor-element elementor-element-5508959\" data-id=\"5508959\" data-element_type=\"column\" data-e-type=\"column\">\n\t\t\t<div class=\"elementor-widget-wrap elementor-element-populated\">\n\t\t\t\t\t\t<div class=\"elementor-element elementor-element-2a13060 elementor-widget elementor-widget-text-editor\" data-id=\"2a13060\" data-element_type=\"widget\" data-e-type=\"widget\" data-widget_type=\"text-editor.default\">\n\t\t\t\t\t\t\t\t\t<p data-start=\"172\" data-end=\"266\"><strong data-start=\"172\" data-end=\"266\">Elite Invest \u2013 a smart choice for a modern and quality life in carefully selected locations.<\/strong><\/p><p data-start=\"268\" data-end=\"686\">Elite Invest is a company dedicated to the development of modern residential buildings that combine functionality, comfort and a distinctive style. We base our work on high construction standards, modern solutions and consistent adherence to agreed deadlines, with flexibility and adaptation to modern market conditions. Since its establishment, we have paid special attention to every detail, because we believe that quality has no alternative.<\/p><p data-start=\"688\" data-end=\"943\">We specialize in the construction of modern and architecturally carefully designed residential buildings, using proven and high-quality materials from renowned manufacturers. Each Elite Invest project bears the hallmark of precision, aesthetics and durability.<\/p><p data-start=\"945\" data-end=\"1269\">We choose our locations thoughtfully, aiming to be the perfect balance between urban living and a pleasant environment. This way, we provide future owners with high quality housing and a sense of privacy and peace. By purchasing an Elite Invest property, you become part of a community that values \u200b\u200breliability, quality and a modern way of life.<\/p><p data-start=\"1271\" data-end=\"1551\">We focus on the entire client experience \u2013 from site selection, through design and construction organization, to the final realization of the facilities. Careful planning, quality execution, and the use of modern materials guarantee the durability and value of every facility we build.<\/p><p data-start=\"1553\" data-end=\"1801\">At Elite Invest, we believe that a home should be more than just a space \u2013 it is a place of safety, comfort and everyday enjoyment. Our residential properties are designed to meet modern needs and reflect the style and individuality of their owners.<\/p><p data-start=\"1553\" data-end=\"1801\">Contact us and discover residential solutions that combine quality, aesthetics and long-term value.<\/p>\t\t\t\t\t\t\t\t<\/div>\n\t\t\t\t\t<\/div>\n\t\t<\/div>\n\t\t\t\t\t<\/div>\n\t\t<\/section>\n\t\t\t\t\t<\/div>\n\t\t<\/div>\n\t\t\t\t\t<\/div>\n\t\t<\/section>\n\t\t\t\t<\/div>","protected":false},"excerpt":{"rendered":"<p>KVALITET BEZ KOMPROMISA ELITE INVEST Siguran izbor za vrhunsko stanovanje na pa\u017eljivo odabranim lokacijama. Elite Invest \u2013 pametan izbor za moderan i kvalitetan \u017eivot na pa\u017eljivo biranim lokacijama. Elite Invest je kompanija posve\u0107ena razvoju savremenih stambenih objekata koji objedinjuju funkcionalnost, udobnost i prepoznatljiv stil. Na\u0161 rad zasnivamo na visokim standardima gradnje, savremenim rje\u0161enjima i dosljednom [&hellip;]<\/p>","protected":false},"author":1,"featured_media":0,"parent":0,"menu_order":0,"comment_status":"closed","ping_status":"closed","template":"elementor_header_footer","meta":{"footnotes":""},"class_list":["post-19","page","type-page","status-publish","hentry"],"yoast_head":"<!-- This site is optimized with the Yoast SEO plugin v26.9 - https:\/\/yoast.com\/product\/yoast-seo-wordpress\/ -->\n<title>O Nama - ELITE INVEST DOO<\/title>\n<meta name=\"robots\" content=\"index, follow, max-snippet:-1, max-image-preview:large, max-video-preview:-1\" \/>\n<link rel=\"canonical\" href=\"https:\/\/elite-invest.me\/en\/o-nama\/\" \/>\n<meta property=\"og:locale\" content=\"en_GB\" \/>\n<meta property=\"og:type\" content=\"article\" \/>\n<meta property=\"og:title\" content=\"O Nama - ELITE INVEST DOO\" \/>\n<meta property=\"og:description\" content=\"KVALITET BEZ KOMPROMISA ELITE INVEST Siguran izbor za vrhunsko stanovanje na pa\u017eljivo odabranim lokacijama. Elite Invest \u2013 pametan izbor za moderan i kvalitetan \u017eivot na pa\u017eljivo biranim lokacijama. Elite Invest je kompanija posve\u0107ena razvoju savremenih stambenih objekata koji objedinjuju funkcionalnost, udobnost i prepoznatljiv stil. Na\u0161 rad zasnivamo na visokim standardima gradnje, savremenim rje\u0161enjima i dosljednom [&hellip;]\" \/>\n<meta property=\"og:url\" content=\"https:\/\/elite-invest.me\/en\/o-nama\/\" \/>\n<meta property=\"og:site_name\" content=\"ELITE INVEST DOO\" \/>\n<meta property=\"article:modified_time\" content=\"2026-02-04T19:34:22+00:00\" \/>\n<meta name=\"twitter:card\" content=\"summary_large_image\" \/>\n<meta name=\"twitter:label1\" content=\"Estimated reading time\" \/>\n\t<meta name=\"twitter:data1\" content=\"1 minute\" \/>\n<script type=\"application\/ld+json\" class=\"yoast-schema-graph\">{\"@context\":\"https:\/\/schema.org\",\"@graph\":[{\"@type\":\"WebPage\",\"@id\":\"https:\/\/elite-invest.me\/o-nama\/\",\"url\":\"https:\/\/elite-invest.me\/o-nama\/\",\"name\":\"O Nama - ELITE INVEST DOO\",\"isPartOf\":{\"@id\":\"https:\/\/elite-invest.me\/#website\"},\"datePublished\":\"2022-12-01T04:10:56+00:00\",\"dateModified\":\"2026-02-04T19:34:22+00:00\",\"breadcrumb\":{\"@id\":\"https:\/\/elite-invest.me\/o-nama\/#breadcrumb\"},\"inLanguage\":\"en-GB\",\"potentialAction\":[{\"@type\":\"ReadAction\",\"target\":[\"https:\/\/elite-invest.me\/o-nama\/\"]}]},{\"@type\":\"BreadcrumbList\",\"@id\":\"https:\/\/elite-invest.me\/o-nama\/#breadcrumb\",\"itemListElement\":[{\"@type\":\"ListItem\",\"position\":1,\"name\":\"Home\",\"item\":\"https:\/\/elite-invest.me\/\"},{\"@type\":\"ListItem\",\"position\":2,\"name\":\"O Nama\"}]},{\"@type\":\"WebSite\",\"@id\":\"https:\/\/elite-invest.me\/#website\",\"url\":\"https:\/\/elite-invest.me\/\",\"name\":\"ELITE INVEST DOO\",\"description\":\"\",\"publisher\":{\"@id\":\"https:\/\/elite-invest.me\/#organization\"},\"potentialAction\":[{\"@type\":\"SearchAction\",\"target\":{\"@type\":\"EntryPoint\",\"urlTemplate\":\"https:\/\/elite-invest.me\/?s={search_term_string}\"},\"query-input\":{\"@type\":\"PropertyValueSpecification\",\"valueRequired\":true,\"valueName\":\"search_term_string\"}}],\"inLanguage\":\"en-GB\"},{\"@type\":\"Organization\",\"@id\":\"https:\/\/elite-invest.me\/#organization\",\"name\":\"ELITE INVEST DOO\",\"url\":\"https:\/\/elite-invest.me\/\",\"logo\":{\"@type\":\"ImageObject\",\"inLanguage\":\"en-GB\",\"@id\":\"https:\/\/elite-invest.me\/#\/schema\/logo\/image\/\",\"url\":\"https:\/\/elite-invest.me\/wp-content\/uploads\/2022\/12\/logo-colored-v1-1.png\",\"contentUrl\":\"https:\/\/elite-invest.me\/wp-content\/uploads\/2022\/12\/logo-colored-v1-1.png\",\"width\":740,\"height\":440,\"caption\":\"ELITE INVEST DOO\"},\"image\":{\"@id\":\"https:\/\/elite-invest.me\/#\/schema\/logo\/image\/\"},\"sameAs\":[\"https:\/\/www.instagram.com\/elite_invest_doo\"]}]}<\/script>\n<!-- \/ Yoast SEO plugin. -->","yoast_head_json":{"title":"O Nama - ELITE INVEST DOO","robots":{"index":"index","follow":"follow","max-snippet":"max-snippet:-1","max-image-preview":"max-image-preview:large","max-video-preview":"max-video-preview:-1"},"canonical":"https:\/\/elite-invest.me\/en\/o-nama\/","og_locale":"en_GB","og_type":"article","og_title":"O Nama - ELITE INVEST DOO","og_description":"KVALITET BEZ KOMPROMISA ELITE INVEST Siguran izbor za vrhunsko stanovanje na pa\u017eljivo odabranim lokacijama. Elite Invest \u2013 pametan izbor za moderan i kvalitetan \u017eivot na pa\u017eljivo biranim lokacijama. Elite Invest je kompanija posve\u0107ena razvoju savremenih stambenih objekata koji objedinjuju funkcionalnost, udobnost i prepoznatljiv stil. Na\u0161 rad zasnivamo na visokim standardima gradnje, savremenim rje\u0161enjima i dosljednom [&hellip;]","og_url":"https:\/\/elite-invest.me\/en\/o-nama\/","og_site_name":"ELITE INVEST DOO","article_modified_time":"2026-02-04T19:34:22+00:00","twitter_card":"summary_large_image","twitter_misc":{"Estimated reading time":"1 minute"},"schema":{"@context":"https:\/\/schema.org","@graph":[{"@type":"WebPage","@id":"https:\/\/elite-invest.me\/o-nama\/","url":"https:\/\/elite-invest.me\/o-nama\/","name":"O Nama - ELITE INVEST DOO","isPartOf":{"@id":"https:\/\/elite-invest.me\/#website"},"datePublished":"2022-12-01T04:10:56+00:00","dateModified":"2026-02-04T19:34:22+00:00","breadcrumb":{"@id":"https:\/\/elite-invest.me\/o-nama\/#breadcrumb"},"inLanguage":"en-GB","potentialAction":[{"@type":"ReadAction","target":["https:\/\/elite-invest.me\/o-nama\/"]}]},{"@type":"BreadcrumbList","@id":"https:\/\/elite-invest.me\/o-nama\/#breadcrumb","itemListElement":[{"@type":"ListItem","position":1,"name":"Home","item":"https:\/\/elite-invest.me\/"},{"@type":"ListItem","position":2,"name":"O Nama"}]},{"@type":"WebSite","@id":"https:\/\/elite-invest.me\/#website","url":"https:\/\/elite-invest.me\/","name":"ELITE INVEST DOO","description":"","publisher":{"@id":"https:\/\/elite-invest.me\/#organization"},"potentialAction":[{"@type":"SearchAction","target":{"@type":"EntryPoint","urlTemplate":"https:\/\/elite-invest.me\/?s={search_term_string}"},"query-input":{"@type":"PropertyValueSpecification","valueRequired":true,"valueName":"search_term_string"}}],"inLanguage":"en-GB"},{"@type":"Organization","@id":"https:\/\/elite-invest.me\/#organization","name":"ELITE INVEST DOO","url":"https:\/\/elite-invest.me\/","logo":{"@type":"ImageObject","inLanguage":"en-GB","@id":"https:\/\/elite-invest.me\/#\/schema\/logo\/image\/","url":"https:\/\/elite-invest.me\/wp-content\/uploads\/2022\/12\/logo-colored-v1-1.png","contentUrl":"https:\/\/elite-invest.me\/wp-content\/uploads\/2022\/12\/logo-colored-v1-1.png","width":740,"height":440,"caption":"ELITE INVEST DOO"},"image":{"@id":"https:\/\/elite-invest.me\/#\/schema\/logo\/image\/"},"sameAs":["https:\/\/www.instagram.com\/elite_invest_doo"]}]}},"_links":{"self":[{"href":"https:\/\/elite-invest.me\/en\/wp-json\/wp\/v2\/pages\/19","targetHints":{"allow":["GET"]}}],"collection":[{"href":"https:\/\/elite-invest.me\/en\/wp-json\/wp\/v2\/pages"}],"about":[{"href":"https:\/\/elite-invest.me\/en\/wp-json\/wp\/v2\/types\/page"}],"author":[{"embeddable":true,"href":"https:\/\/elite-invest.me\/en\/wp-json\/wp\/v2\/users\/1"}],"replies":[{"embeddable":true,"href":"https:\/\/elite-invest.me\/en\/wp-json\/wp\/v2\/comments?post=19"}],"version-history":[{"count":33,"href":"https:\/\/elite-invest.me\/en\/wp-json\/wp\/v2\/pages\/19\/revisions"}],"predecessor-version":[{"id":6038,"href":"https:\/\/elite-invest.me\/en\/wp-json\/wp\/v2\/pages\/19\/revisions\/6038"}],"wp:attachment":[{"href":"https:\/\/elite-invest.me\/en\/wp-json\/wp\/v2\/media?parent=19"}],"curies":[{"name":"wp","href":"https:\/\/api.w.org\/{rel}","templated":true}]}}